{"id":6,"date":"2019-10-09T09:51:47","date_gmt":"2019-10-09T09:51:47","guid":{"rendered":"https:\/\/podarujprezent.naratunek.org\/?page_id=6"},"modified":"2026-03-10T11:36:52","modified_gmt":"2026-03-10T11:36:52","slug":"strona-glowna","status":"publish","type":"page","link":"https:\/\/podarujprezent.naratunek.org\/","title":{"rendered":"Strona g\u0142\u00f3wna"},"content":{"rendered":"","protected":false},"excerpt":{"rendered":"","protected":false},"author":1,"featured_media":0,"parent":0,"menu_order":0,"comment_status":"closed","ping_status":"closed","template":"","meta":[],"acf":[],"yoast_head":"<!-- This site is optimized with the Yoast SEO plugin v19.14 - https:\/\/yoast.com\/wordpress\/plugins\/seo\/ -->\n<title>Podaruj Prezent dzieciom chorym na nowotwory!<\/title>\n<meta name=\"description\" content=\"Wielu pacjent\u00f3w Przyl\u0105dka Nadziei nie wr\u00f3ci do domu na \u015awi\u0119ta. Spraw, by mimo to by\u0142y weso\u0142e - podaruj prezent dzieciom chorym na nowotwory!\" \/>\n<meta name=\"robots\" content=\"index, follow, max-snippet:-1, max-image-preview:large, max-video-preview:-1\" \/>\n<link rel=\"canonical\" href=\"https:\/\/podarujprezent.naratunek.org\/\" \/>\n<meta property=\"og:locale\" content=\"pl_PL\" \/>\n<meta property=\"og:type\" content=\"article\" \/>\n<meta property=\"og:title\" content=\"Podaruj Prezent dzieciom chorym na nowotwory!\" \/>\n<meta property=\"og:description\" content=\"Wielu pacjent\u00f3w Przyl\u0105dka Nadziei nie wr\u00f3ci do domu na \u015awi\u0119ta. Spraw, by mimo to by\u0142y weso\u0142e - podaruj prezent dzieciom chorym na nowotwory!\" \/>\n<meta property=\"og:url\" content=\"https:\/\/podarujprezent.naratunek.org\/\" \/>\n<meta property=\"og:site_name\" content=\"Podaruj Prezent na \u015awi\u0119ta | Akcja Spo\u0142eczna\" \/>\n<meta property=\"article:modified_time\" content=\"2026-03-10T11:36:52+00:00\" \/>\n<meta name=\"twitter:card\" content=\"summary_large_image\" \/>\n<script type=\"application\/ld+json\" class=\"yoast-schema-graph\">{\"@context\":\"https:\/\/schema.org\",\"@graph\":[{\"@type\":\"WebPage\",\"@id\":\"https:\/\/podarujprezent.naratunek.org\/\",\"url\":\"https:\/\/podarujprezent.naratunek.org\/\",\"name\":\"Podaruj Prezent dzieciom chorym na nowotwory!\",\"isPartOf\":{\"@id\":\"https:\/\/podarujprezent.naratunek.org\/#website\"},\"datePublished\":\"2019-10-09T09:51:47+00:00\",\"dateModified\":\"2026-03-10T11:36:52+00:00\",\"description\":\"Wielu pacjent\u00f3w Przyl\u0105dka Nadziei nie wr\u00f3ci do domu na \u015awi\u0119ta. Spraw, by mimo to by\u0142y weso\u0142e - podaruj prezent dzieciom chorym na nowotwory!\",\"breadcrumb\":{\"@id\":\"https:\/\/podarujprezent.naratunek.org\/#breadcrumb\"},\"inLanguage\":\"pl-PL\",\"potentialAction\":[{\"@type\":\"ReadAction\",\"target\":[\"https:\/\/podarujprezent.naratunek.org\/\"]}]},{\"@type\":\"BreadcrumbList\",\"@id\":\"https:\/\/podarujprezent.naratunek.org\/#breadcrumb\",\"itemListElement\":[{\"@type\":\"ListItem\",\"position\":1,\"name\":\"Strona g\u0142\u00f3wna\",\"item\":\"https:\/\/podarujprezent.naratunek.org\/\"},{\"@type\":\"ListItem\",\"position\":2,\"name\":\"Strona g\u0142\u00f3wna\"}]},{\"@type\":\"WebSite\",\"@id\":\"https:\/\/podarujprezent.naratunek.org\/#website\",\"url\":\"https:\/\/podarujprezent.naratunek.org\/\",\"name\":\"Podaruj Prezent na \u015awi\u0119ta | Akcja Spo\u0142eczna\",\"description\":\"Spraw, aby \u015bwi\u0119ta w szpitalu by\u0142y dla dzieci przyjemniejsze\",\"potentialAction\":[{\"@type\":\"SearchAction\",\"target\":{\"@type\":\"EntryPoint\",\"urlTemplate\":\"https:\/\/podarujprezent.naratunek.org\/?s={search_term_string}\"},\"query-input\":\"required name=search_term_string\"}],\"inLanguage\":\"pl-PL\"}]}<\/script>\n<!-- \/ Yoast SEO plugin. -->","yoast_head_json":{"title":"Podaruj Prezent dzieciom chorym na nowotwory!","description":"Wielu pacjent\u00f3w Przyl\u0105dka Nadziei nie wr\u00f3ci do domu na \u015awi\u0119ta. Spraw, by mimo to by\u0142y weso\u0142e - podaruj prezent dzieciom chorym na nowotwory!","robots":{"index":"index","follow":"follow","max-snippet":"max-snippet:-1","max-image-preview":"max-image-preview:large","max-video-preview":"max-video-preview:-1"},"canonical":"https:\/\/podarujprezent.naratunek.org\/","og_locale":"pl_PL","og_type":"article","og_title":"Podaruj Prezent dzieciom chorym na nowotwory!","og_description":"Wielu pacjent\u00f3w Przyl\u0105dka Nadziei nie wr\u00f3ci do domu na \u015awi\u0119ta. Spraw, by mimo to by\u0142y weso\u0142e - podaruj prezent dzieciom chorym na nowotwory!","og_url":"https:\/\/podarujprezent.naratunek.org\/","og_site_name":"Podaruj Prezent na \u015awi\u0119ta | Akcja Spo\u0142eczna","article_modified_time":"2026-03-10T11:36:52+00:00","twitter_card":"summary_large_image","schema":{"@context":"https:\/\/schema.org","@graph":[{"@type":"WebPage","@id":"https:\/\/podarujprezent.naratunek.org\/","url":"https:\/\/podarujprezent.naratunek.org\/","name":"Podaruj Prezent dzieciom chorym na nowotwory!","isPartOf":{"@id":"https:\/\/podarujprezent.naratunek.org\/#website"},"datePublished":"2019-10-09T09:51:47+00:00","dateModified":"2026-03-10T11:36:52+00:00","description":"Wielu pacjent\u00f3w Przyl\u0105dka Nadziei nie wr\u00f3ci do domu na \u015awi\u0119ta. Spraw, by mimo to by\u0142y weso\u0142e - podaruj prezent dzieciom chorym na nowotwory!","breadcrumb":{"@id":"https:\/\/podarujprezent.naratunek.org\/#breadcrumb"},"inLanguage":"pl-PL","potentialAction":[{"@type":"ReadAction","target":["https:\/\/podarujprezent.naratunek.org\/"]}]},{"@type":"BreadcrumbList","@id":"https:\/\/podarujprezent.naratunek.org\/#breadcrumb","itemListElement":[{"@type":"ListItem","position":1,"name":"Strona g\u0142\u00f3wna","item":"https:\/\/podarujprezent.naratunek.org\/"},{"@type":"ListItem","position":2,"name":"Strona g\u0142\u00f3wna"}]},{"@type":"WebSite","@id":"https:\/\/podarujprezent.naratunek.org\/#website","url":"https:\/\/podarujprezent.naratunek.org\/","name":"Podaruj Prezent na \u015awi\u0119ta | Akcja Spo\u0142eczna","description":"Spraw, aby \u015bwi\u0119ta w szpitalu by\u0142y dla dzieci przyjemniejsze","potentialAction":[{"@type":"SearchAction","target":{"@type":"EntryPoint","urlTemplate":"https:\/\/podarujprezent.naratunek.org\/?s={search_term_string}"},"query-input":"required name=search_term_string"}],"inLanguage":"pl-PL"}]}},"_links":{"self":[{"href":"https:\/\/podarujprezent.naratunek.org\/index.php\/wp-json\/wp\/v2\/pages\/6"}],"collection":[{"href":"https:\/\/podarujprezent.naratunek.org\/index.php\/wp-json\/wp\/v2\/pages"}],"about":[{"href":"https:\/\/podarujprezent.naratunek.org\/index.php\/wp-json\/wp\/v2\/types\/page"}],"author":[{"embeddable":true,"href":"https:\/\/podarujprezent.naratunek.org\/index.php\/wp-json\/wp\/v2\/users\/1"}],"replies":[{"embeddable":true,"href":"https:\/\/podarujprezent.naratunek.org\/index.php\/wp-json\/wp\/v2\/comments?post=6"}],"version-history":[{"count":308,"href":"https:\/\/podarujprezent.naratunek.org\/index.php\/wp-json\/wp\/v2\/pages\/6\/revisions"}],"predecessor-version":[{"id":551,"href":"https:\/\/podarujprezent.naratunek.org\/index.php\/wp-json\/wp\/v2\/pages\/6\/revisions\/551"}],"wp:attachment":[{"href":"https:\/\/podarujprezent.naratunek.org\/index.php\/wp-json\/wp\/v2\/media?parent=6"}],"curies":[{"name":"wp","href":"https:\/\/api.w.org\/{rel}","templated":true}]}}